{"id":105,"date":"2023-08-01T15:04:08","date_gmt":"2023-08-01T20:04:08","guid":{"rendered":"https:\/\/www.elmirador.edu.co\/?page_id=105"},"modified":"2023-08-01T15:04:08","modified_gmt":"2023-08-01T20:04:08","slug":"uniforme","status":"publish","type":"page","link":"https:\/\/www.elmirador.edu.co\/index.php\/uniforme\/","title":{"rendered":"Uniforme"},"content":{"rendered":"\n<p>La Instituci\u00f3n Educativa exige \u00fanicamente dos uniformes de forma permanente, uno para uso diario y otro para desarrollar la educaci\u00f3n f\u00edsica, recreaci\u00f3n y el deporte, el uso adecuado de los uniformes se reglamenta de la siguiente manera:<\/p>\n\n\n\n<ol>\n<li>El uso del uniforme de diario y de educaci\u00f3n f\u00edsica es obligatorio de acuerdo con el horario de clases y actividades extracurriculares programadas.<\/li>\n\n\n\n<li>La Instituci\u00f3n Educativa no permite cambios en las prendas o s\u00edmbolos institucionales que la identifican, su uso es obligatorio y debe ser portado en condiciones impecables de limpieza.<\/li>\n\n\n\n<li>Todo estudiante var\u00f3n&nbsp;debe traer correa negra en su pantal\u00f3n.&nbsp; No se aceptan correas met\u00e1licas ni de otro color, ni estudiantes sin correa en el pantal\u00f3n.<\/li>\n\n\n\n<li>La Instituci\u00f3n Educativa no admite el empleo de joyas y dem\u00e1s accesorios (gorras, gorros, collares, manillas, piercing, aretes en los hombres, y\/o alg\u00fan tatuaje visibles).con los uniformes y no responde en caso de p\u00e9rdida.<\/li>\n\n\n\n<li>Las ni\u00f1as adolescentes que utilicen alg\u00fan maquillaje de rostro y manos, este debe ser muy sencillo. Y no usar ganchos o diademas que no armonicen con el uniforme.<\/li>\n\n\n\n<li>El uso de los uniformes se limita al compromiso escolar.\u00a0 Por ning\u00fan motivo pueden ser utilizados en sitios ni eventos diferentes a los programados por la Instituci\u00f3n Educativa.<\/li>\n<\/ol>\n\n\n\n<h2 class=\"wp-block-heading\">Uniforme diario &#8211; Hombres:<\/h2>\n\n\n\n<ul>\n<li>Camisa tipo polo blanco con el escudo de la instituci\u00f3n, seg\u00fan el modelo.<\/li>\n\n\n\n<li>Saco rojo seg\u00fan modelo<\/li>\n\n\n\n<li>Pantal\u00f3n azul oscuro bota recta y tiro alto.<\/li>\n\n\n\n<li>Correa negra.<\/li>\n\n\n\n<li>Medias azul oscuro. (no tobillera)<\/li>\n\n\n\n<li>Zapatos negros.<\/li>\n<\/ul>\n\n\n\n<h2 class=\"wp-block-heading\">Uniforme diario &#8211; Mujeres:<\/h2>\n\n\n\n<ul>\n<li>Camisa tipo polo blanco con el escudo de la instituci\u00f3n, seg\u00fan el modelo.<\/li>\n\n\n\n<li>Saco rojo seg\u00fan modelo<\/li>\n\n\n\n<li>Falda a cuadros, seg\u00fan el modelo. (M\u00e1ximo 4 cm sobre la rodilla).<\/li>\n\n\n\n<li>Medias blancas largas.<\/li>\n\n\n\n<li>Zapatos negros.<\/li>\n<\/ul>\n\n\n\n<h2 class=\"wp-block-heading\">Uniforme Educaci\u00f3n F\u00edsica &#8211; Hombres y Mujeres:<\/h2>\n\n\n\n<ul>\n<li>Sudadera azul turqu\u00ed bota recta y tiro alto. Seg\u00fan el modelo.<\/li>\n\n\n\n<li>Camiseta blanco con el escudo de la instituci\u00f3n, seg\u00fan el modelo.<\/li>\n\n\n\n<li>Chaqueta azul turqu\u00ed con el escudo de la instituci\u00f3n. Seg\u00fan el modelo.<\/li>\n\n\n\n<li>Medias blancas<\/li>\n\n\n\n<li>Tenis oscuro (negro o azul turqu\u00ed).<\/li>\n<\/ul>\n","protected":false},"excerpt":{"rendered":"<p>La Instituci\u00f3n Educativa exige \u00fanicamente dos uniformes de forma permanente, uno para uso diario y otro para desarrollar la educaci\u00f3n f\u00edsica, recreaci\u00f3n y el deporte, el uso adecuado de los uniformes se reglamenta de la siguiente manera: Uniforme diario &#8211; Hombres: Uniforme diario &#8211; Mujeres: Uniforme Educaci\u00f3n F\u00edsica &#8211; Hombres y Mujeres:<\/p>\n","protected":false},"author":1,"featured_media":0,"parent":0,"menu_order":0,"comment_status":"closed","ping_status":"closed","template":"","meta":[],"_links":{"self":[{"href":"https:\/\/www.elmirador.edu.co\/index.php\/wp-json\/wp\/v2\/pages\/105"}],"collection":[{"href":"https:\/\/www.elmirador.edu.co\/index.php\/wp-json\/wp\/v2\/pages"}],"about":[{"href":"https:\/\/www.elmirador.edu.co\/index.php\/wp-json\/wp\/v2\/types\/page"}],"author":[{"embeddable":true,"href":"https:\/\/www.elmirador.edu.co\/index.php\/wp-json\/wp\/v2\/users\/1"}],"replies":[{"embeddable":true,"href":"https:\/\/www.elmirador.edu.co\/index.php\/wp-json\/wp\/v2\/comments?post=105"}],"version-history":[{"count":1,"href":"https:\/\/www.elmirador.edu.co\/index.php\/wp-json\/wp\/v2\/pages\/105\/revisions"}],"predecessor-version":[{"id":106,"href":"https:\/\/www.elmirador.edu.co\/index.php\/wp-json\/wp\/v2\/pages\/105\/revisions\/106"}],"wp:attachment":[{"href":"https:\/\/www.elmirador.edu.co\/index.php\/wp-json\/wp\/v2\/media?parent=105"}],"curies":[{"name":"wp","href":"https:\/\/api.w.org\/{rel}","templated":true}]}}