{"id":62,"date":"2023-01-18T23:59:54","date_gmt":"2023-01-19T04:59:54","guid":{"rendered":"https:\/\/www.elmirador.edu.co\/?page_id=62"},"modified":"2023-08-02T16:01:04","modified_gmt":"2023-08-02T21:01:04","slug":"recursos-digitales","status":"publish","type":"page","link":"https:\/\/www.elmirador.edu.co\/index.php\/recursos-digitales\/","title":{"rendered":"Recursos Digitales"},"content":{"rendered":"\n<p>A continuaci\u00f3n se encuentran los recursos digitales disponibles en el servidor de la Instituci\u00f3n Educativa disponibles tanto desde la red local como desde la red mesh:<\/p>\n\n\n\n<figure class=\"wp-block-table\"><table><tbody><tr><td class=\"has-text-align-center\" data-align=\"center\"><a href=\"http:\/\/www.elmirador.edu.co:8081\/vikidia_es_all_maxi_2023-07\/A\/Vikidia:Portada\" target=\"_blank\" rel=\"noreferrer noopener\"><img decoding=\"async\" src=\"https:\/\/www.elmirador.edu.co\/wp-content\/uploads\/2023\/08\/Icono-Vikidia.png\" alt=\"\"><br>Enciclopedia para Ni\u00f1os<\/a><\/td><td class=\"has-text-align-center\" data-align=\"center\"><a href=\"http:\/\/www.elmirador.edu.co:8081\/wikipedia_es_all_maxi_2023-05\/A\/Wikipedia:Offline\" target=\"_blank\" rel=\"noreferrer noopener\"><img decoding=\"async\" src=\"https:\/\/www.elmirador.edu.co\/wp-content\/uploads\/2023\/08\/Icono-Wikipedia.png\" alt=\"\"><\/a><\/td><td class=\"has-text-align-center\" data-align=\"center\"><a href=\"http:\/\/www.elmirador.edu.co:8081\/wiktionary_es_all_maxi_2023-07\/A\/Wikcionario:Offline\" target=\"_blank\" rel=\"noreferrer noopener\"><img decoding=\"async\" src=\"https:\/\/www.elmirador.edu.co\/wp-content\/uploads\/2023\/08\/Icono-Wikiccionario.png\" alt=\"\"><\/a><\/td><\/tr><tr><td class=\"has-text-align-center\" data-align=\"center\"><a href=\"http:\/\/www.elmirador.edu.co:8081\/wikisource_es_all_maxi_2023-07\/A\/Portada\" target=\"_blank\" rel=\"noreferrer noopener\"><img decoding=\"async\" src=\"https:\/\/www.elmirador.edu.co\/wp-content\/uploads\/2023\/08\/Icono-Wikisource.png\" alt=\"\"><\/a><\/td><td class=\"has-text-align-center\" data-align=\"center\"><a href=\"https:\/\/www.elmirador.edu.co\/contenidos\/aprender\/\" target=\"_blank\" rel=\"noreferrer noopener\"><img decoding=\"async\" src=\"https:\/\/www.elmirador.edu.co\/wp-content\/uploads\/2023\/01\/Icono-ContenidosAprender.png\" alt=\"\"><\/a><\/td><td class=\"has-text-align-center\" data-align=\"center\"><a href=\"http:\/\/www.elmirador.edu.co:8081\/phet_es_all_2023-04\/A\/index.html\" target=\"_blank\" rel=\"noreferrer noopener\"><img decoding=\"async\" style=\"width: 150px;\" src=\"https:\/\/www.elmirador.edu.co\/wp-content\/uploads\/2023\/01\/Icono-PhET.png\" alt=\"\"><br>Simuladores Ciencias<\/a><\/td><\/tr><tr><td class=\"has-text-align-center\" data-align=\"center\"><a href=\"http:\/\/www.elmirador.edu.co:8081\/gutenberg_es_all_2023-05\/Home.html\" target=\"_blank\" rel=\"noreferrer noopener\"><img decoding=\"async\" src=\"https:\/\/www.elmirador.edu.co\/wp-content\/uploads\/2023\/08\/Icono-Gutenberg.jpg\" alt=\"\"><\/a><\/td><td class=\"has-text-align-center\" data-align=\"center\"><a href=\"https:\/\/www.elmirador.edu.co\/contenidos\/pnle\/\" target=\"_blank\" rel=\"noreferrer noopener\"><img decoding=\"async\" src=\"https:\/\/www.elmirador.edu.co\/wp-content\/uploads\/2023\/08\/Icono-PNLE.png\" alt=\"\"><\/a><\/td><td class=\"has-text-align-center\" data-align=\"center\"><a href=\"https:\/\/www.elmirador.edu.co\/contenidos\/\" target=\"_blank\" rel=\"noreferrer noopener\"><img decoding=\"async\" src=\"https:\/\/www.elmirador.edu.co\/wp-content\/uploads\/2023\/08\/Icono-Carpeta.png\" alt=\"\"><br>M\u00e1s Archivos&#8230;<\/a><\/td><\/tr><\/tbody><\/table><\/figure>\n\n\n\n<p><\/p>\n","protected":false},"excerpt":{"rendered":"<p>A continuaci\u00f3n se encuentran los recursos digitales disponibles en el servidor de la Instituci\u00f3n Educativa disponibles tanto desde la red local como desde la red mesh: Enciclopedia para Ni\u00f1os Simuladores Ciencias M\u00e1s Archivos&#8230;<\/p>\n","protected":false},"author":1,"featured_media":0,"parent":0,"menu_order":0,"comment_status":"closed","ping_status":"closed","template":"","meta":[],"_links":{"self":[{"href":"https:\/\/www.elmirador.edu.co\/index.php\/wp-json\/wp\/v2\/pages\/62"}],"collection":[{"href":"https:\/\/www.elmirador.edu.co\/index.php\/wp-json\/wp\/v2\/pages"}],"about":[{"href":"https:\/\/www.elmirador.edu.co\/index.php\/wp-json\/wp\/v2\/types\/page"}],"author":[{"embeddable":true,"href":"https:\/\/www.elmirador.edu.co\/index.php\/wp-json\/wp\/v2\/users\/1"}],"replies":[{"embeddable":true,"href":"https:\/\/www.elmirador.edu.co\/index.php\/wp-json\/wp\/v2\/comments?post=62"}],"version-history":[{"count":8,"href":"https:\/\/www.elmirador.edu.co\/index.php\/wp-json\/wp\/v2\/pages\/62\/revisions"}],"predecessor-version":[{"id":151,"href":"https:\/\/www.elmirador.edu.co\/index.php\/wp-json\/wp\/v2\/pages\/62\/revisions\/151"}],"wp:attachment":[{"href":"https:\/\/www.elmirador.edu.co\/index.php\/wp-json\/wp\/v2\/media?parent=62"}],"curies":[{"name":"wp","href":"https:\/\/api.w.org\/{rel}","templated":true}]}}