{"id":76,"date":"2023-08-01T14:15:46","date_gmt":"2023-08-01T19:15:46","guid":{"rendered":"https:\/\/www.elmirador.edu.co\/?page_id=76"},"modified":"2023-08-01T14:15:46","modified_gmt":"2023-08-01T19:15:46","slug":"simbolos","status":"publish","type":"page","link":"https:\/\/www.elmirador.edu.co\/index.php\/simbolos\/","title":{"rendered":"S\u00edmbolos"},"content":{"rendered":"\n<h2 class=\"wp-block-heading\">Escudo<\/h2>\n\n\n\n<figure class=\"wp-block-image size-full\"><img decoding=\"async\" loading=\"lazy\" width=\"512\" height=\"512\" src=\"https:\/\/www.elmirador.edu.co\/wp-content\/uploads\/2023\/01\/Escudo-El-Mirador-Fondo-Transparente-512x512-1.png\" alt=\"\" class=\"wp-image-39\" srcset=\"https:\/\/www.elmirador.edu.co\/wp-content\/uploads\/2023\/01\/Escudo-El-Mirador-Fondo-Transparente-512x512-1.png 512w, https:\/\/www.elmirador.edu.co\/wp-content\/uploads\/2023\/01\/Escudo-El-Mirador-Fondo-Transparente-512x512-1-300x300.png 300w, https:\/\/www.elmirador.edu.co\/wp-content\/uploads\/2023\/01\/Escudo-El-Mirador-Fondo-Transparente-512x512-1-150x150.png 150w\" sizes=\"(max-width: 512px) 100vw, 512px\" \/><\/figure>\n\n\n\n<h2 class=\"wp-block-heading\">Bandera<\/h2>\n\n\n\n<figure class=\"wp-block-image size-full\"><img decoding=\"async\" loading=\"lazy\" width=\"547\" height=\"829\" src=\"https:\/\/www.elmirador.edu.co\/wp-content\/uploads\/2023\/08\/Bandera-ElMirador.png\" alt=\"\" class=\"wp-image-77\" srcset=\"https:\/\/www.elmirador.edu.co\/wp-content\/uploads\/2023\/08\/Bandera-ElMirador.png 547w, https:\/\/www.elmirador.edu.co\/wp-content\/uploads\/2023\/08\/Bandera-ElMirador-198x300.png 198w, https:\/\/www.elmirador.edu.co\/wp-content\/uploads\/2023\/08\/Bandera-ElMirador-300x455.png 300w\" sizes=\"(max-width: 547px) 100vw, 547px\" \/><\/figure>\n\n\n\n<h2 class=\"wp-block-heading\">Himno<\/h2>\n\n\n\n<p>I<br>En la Instituci\u00f3n Educativa El Mirador<br>La convivencia y gesti\u00f3n empresarial<br>Me encaminan para ser mejor<br>Fortaleciendo todo mi potencial<br>\u00a0<br>CORO<br>Cantar\u00e9 con gozo y gratitud<br>A la instituci\u00f3n que me ha educado<br>En mi caminar ver\u00e9 la luz<br>Conquistando sue\u00f1os anhelados<br>\u00a0<br>II<\/p>\n\n\n\n<p>Respeto, autoestima, responsabilidad<br>Y la amistad que podamos cultivar<br>Forjaran nuestra personalidad<br>Y un ser nuevo podremos avivar<\/p>\n\n\n\n<p>&nbsp;<br>III<br>En tus aulas de bella hermandad<br>Grandes pedagogos nos ense\u00f1ar\u00e1n<br>A ser competentes en la sociedad,<br>A que la excelencia selle nuestro obrar<\/p>\n","protected":false},"excerpt":{"rendered":"<p>Escudo Bandera Himno IEn la Instituci\u00f3n Educativa El MiradorLa convivencia y gesti\u00f3n empresarialMe encaminan para ser mejorFortaleciendo todo mi potencial\u00a0COROCantar\u00e9 con gozo y gratitudA la instituci\u00f3n que me ha educadoEn mi caminar ver\u00e9 la luzConquistando sue\u00f1os anhelados\u00a0II Respeto, autoestima, responsabilidadY la amistad que podamos cultivarForjaran nuestra personalidadY un ser nuevo podremos avivar &nbsp;IIIEn tus aulas&#8230;<\/p>\n","protected":false},"author":1,"featured_media":0,"parent":0,"menu_order":0,"comment_status":"closed","ping_status":"closed","template":"","meta":[],"_links":{"self":[{"href":"https:\/\/www.elmirador.edu.co\/index.php\/wp-json\/wp\/v2\/pages\/76"}],"collection":[{"href":"https:\/\/www.elmirador.edu.co\/index.php\/wp-json\/wp\/v2\/pages"}],"about":[{"href":"https:\/\/www.elmirador.edu.co\/index.php\/wp-json\/wp\/v2\/types\/page"}],"author":[{"embeddable":true,"href":"https:\/\/www.elmirador.edu.co\/index.php\/wp-json\/wp\/v2\/users\/1"}],"replies":[{"embeddable":true,"href":"https:\/\/www.elmirador.edu.co\/index.php\/wp-json\/wp\/v2\/comments?post=76"}],"version-history":[{"count":1,"href":"https:\/\/www.elmirador.edu.co\/index.php\/wp-json\/wp\/v2\/pages\/76\/revisions"}],"predecessor-version":[{"id":78,"href":"https:\/\/www.elmirador.edu.co\/index.php\/wp-json\/wp\/v2\/pages\/76\/revisions\/78"}],"wp:attachment":[{"href":"https:\/\/www.elmirador.edu.co\/index.php\/wp-json\/wp\/v2\/media?parent=76"}],"curies":[{"name":"wp","href":"https:\/\/api.w.org\/{rel}","templated":true}]}}