{"id":83,"date":"2023-08-01T14:28:56","date_gmt":"2023-08-01T19:28:56","guid":{"rendered":"https:\/\/www.elmirador.edu.co\/?page_id=83"},"modified":"2023-08-01T14:28:56","modified_gmt":"2023-08-01T19:28:56","slug":"matricula","status":"publish","type":"page","link":"https:\/\/www.elmirador.edu.co\/index.php\/matricula\/","title":{"rendered":"Matr\u00edcula"},"content":{"rendered":"\n<h2 class=\"wp-block-heading\">Condiciones de ingreso<\/h2>\n\n\n\n<p>La Instituci\u00f3n Educativa est\u00e1n regidas por el acuerdo de prestaci\u00f3n del servicio educativo entre la Instituci\u00f3n y el padre de familia o acudiente en beneficio del estudiante y al cumplimiento bilateral del ACTO DE CORRESPONSABILIDAD, condicionado por el numeral C del fallo de la Corte Constitucional Tutela 534 de 1994 que define: &#8220;El derecho a la educaci\u00f3n no es absoluto, es derecho-deber y el derecho deber, exige a todos DEBERES&#8221; el estudiante debe cumplir con las siguientes condiciones para que sea estudiado su ingreso:<\/p>\n\n\n\n<ol>\n<li>Inscribirse de acuerdo a las condiciones preestablecidas por la instituci\u00f3n, seg\u00fan el formato establecido por la SEM \u2013 Secretaria de educaci\u00f3n municipal. (Estudiante nuevos)<\/li>\n\n\n\n<li>Confirmar el cupo para la continuidad de estudios en la instituci\u00f3n a trav\u00e9s del listado de admitidos que exige la SEM \u2013 Secretaria de educaci\u00f3n municipal. (Estudiantes antiguos)<\/li>\n\n\n\n<li>Presentar los documentos legales y aut\u00e9nticos que exige la instituci\u00f3n (definidos en la CIRCULAR emanada de la rector\u00eda y entregada con anticipaci\u00f3n) estudiantes antiguos<\/li>\n\n\n\n<li>Estar respaldado por uno de los padres de familia o acudiente mayor de edad autorizado para asistirlo como representante legal en las situaciones que lo requiera, en la ruta de atenci\u00f3n integral para la convivencia escolar y dem\u00e1s situaciones institucionales.<\/li>\n\n\n\n<li>Autorizar la consulta de su antecedente en convivencia reportado en el Sistema de Informaci\u00f3n Unificado de Convivencia Escolar.<\/li>\n\n\n\n<li>Dependiendo del resultado de la consulta al Sistema Unificado de Convivencia Escolar la instituci\u00f3n proceder\u00e1 a condicionar su ingreso, una vez el caso haya sido estudiado por el comit\u00e9 competente.<\/li>\n<\/ol>\n\n\n\n<h2 class=\"wp-block-heading\">Condiciones de admisi\u00f3n<\/h2>\n\n\n\n<p>La Instituci\u00f3n Educativa El Mirador exige para la ADMISI\u00d3N de estudiantes nuevos, antiguos o transferidos, cumplir con los siguientes procedimientos, teniendo en cuenta que la Instituci\u00f3n Educativa otorga el cupo al estudiante y selecciona la poblaci\u00f3n estudiantil que voluntariamente solicita su inscripci\u00f3n de acuerdo al cumplimiento de requisitos y los siguientes procedimientos:<\/p>\n\n\n\n<ol>\n<li>El ingreso de estudiantes de todas las sedes y programas que ofrece la Instituci\u00f3n Educativa debe ser avalado por la rector\u00eda.<\/li>\n\n\n\n<li>Verificar la relaci\u00f3n t\u00e9cnica que autoriza el MEN, para evitar el hacinamiento en los grupos; por lo tanto, debe haber disponibilidad del cupo y del mobiliario.<\/li>\n\n\n\n<li>La instituci\u00f3n asignar\u00e1 el cupo de manera aleatoria acorde con la disponibilidad en las diferentes sedes y jornadas que oferta a su comunidad educativa<\/li>\n\n\n\n<li>Los estudiantes que soliciten su admisi\u00f3n en condici\u00f3n de DESPLAZADOS por el conflicto armado, deben presentar una carta de la Personer\u00eda Municipal (con una vigencia no mayor a 6 meses) en la cual se de fe de su situaci\u00f3n.<\/li>\n\n\n\n<li>Las admisiones extempor\u00e1neas de otros calendarios o instituciones, ser\u00e1n estudiadas por la rector\u00eda y se otorgara el cupo si se cumple con lo dispuesto en los requisitos de matr\u00edcula.<\/li>\n\n\n\n<li>La Instituci\u00f3n Educativa se reserva el derecho de admisi\u00f3n en el caso de estudiantes que, aunque hayan aprobado el curso, su actitud y comportamiento, no armonicen con la filosof\u00eda de la Instituci\u00f3n Educativa y\/o con las normas del Manual de Convivencia previa comprobaci\u00f3n de los acontecimientos seg\u00fan el debido proceso acad\u00e9mico o de convivencia escolar como lo permite la Tutela 534 de 1994 de la Corte Constitucional.<\/li>\n<\/ol>\n\n\n\n<p>La inscripci\u00f3n de los estudiantes antiguos, nuevos y\/o transferidos garantiza el cupo para el siguiente a\u00f1o escolar, siempre y cuando \u00e9sta se entregue a la Instituci\u00f3n Educativa en la fecha indicada y el estudiante conserve sus condiciones acad\u00e9micas y de convivencia escolar exigidas por las comisiones de promoci\u00f3n y evaluaci\u00f3n al finalizar el a\u00f1o en curso.<\/p>\n\n\n\n<p>La matr\u00edcula es un acuerdo de Corresponsabilidad que obliga a los padres de familia, acudientes y estudiantes a dar cumplimiento con todas las normas vigentes en este Manual de Convivencia, a la Ley 1098 de 2006\u00a0C\u00f3digo de la Infancia y la Adolescencia y a la Ley 1620 y su decreto reglamentario 1965 de 2013 del Sistema Nacional de Convivencia Escolar.<\/p>\n\n\n\n<p>La Instituci\u00f3n Educativa no tendr\u00e1 la obligaci\u00f3n de mantener en sus aulas a un Estudiante que no rinde acad\u00e9micamente; estudiante que pierda dos a\u00f1os consecutivamente no se recibir\u00e1n para repetir el tercero o que frecuentemente incumple las disposiciones del manual de convivencia, sentencia 534 de 1994 Corte Constitucional; por lo tanto, \u00e9sta debe garantizar el cumplimiento del debido proceso a todos los estudiantes que presenten este tipo de irregularidades.<\/p>\n","protected":false},"excerpt":{"rendered":"<p>Condiciones de ingreso La Instituci\u00f3n Educativa est\u00e1n regidas por el acuerdo de prestaci\u00f3n del servicio educativo entre la Instituci\u00f3n y el padre de familia o acudiente en beneficio del estudiante y al cumplimiento bilateral del ACTO DE CORRESPONSABILIDAD, condicionado por el numeral C del fallo de la Corte Constitucional Tutela 534 de 1994 que define:&#8230;<\/p>\n","protected":false},"author":1,"featured_media":0,"parent":0,"menu_order":0,"comment_status":"closed","ping_status":"closed","template":"","meta":[],"_links":{"self":[{"href":"https:\/\/www.elmirador.edu.co\/index.php\/wp-json\/wp\/v2\/pages\/83"}],"collection":[{"href":"https:\/\/www.elmirador.edu.co\/index.php\/wp-json\/wp\/v2\/pages"}],"about":[{"href":"https:\/\/www.elmirador.edu.co\/index.php\/wp-json\/wp\/v2\/types\/page"}],"author":[{"embeddable":true,"href":"https:\/\/www.elmirador.edu.co\/index.php\/wp-json\/wp\/v2\/users\/1"}],"replies":[{"embeddable":true,"href":"https:\/\/www.elmirador.edu.co\/index.php\/wp-json\/wp\/v2\/comments?post=83"}],"version-history":[{"count":1,"href":"https:\/\/www.elmirador.edu.co\/index.php\/wp-json\/wp\/v2\/pages\/83\/revisions"}],"predecessor-version":[{"id":84,"href":"https:\/\/www.elmirador.edu.co\/index.php\/wp-json\/wp\/v2\/pages\/83\/revisions\/84"}],"wp:attachment":[{"href":"https:\/\/www.elmirador.edu.co\/index.php\/wp-json\/wp\/v2\/media?parent=83"}],"curies":[{"name":"wp","href":"https:\/\/api.w.org\/{rel}","templated":true}]}}